{"id":1266,"date":"2022-09-28T11:38:39","date_gmt":"2022-09-28T09:38:39","guid":{"rendered":"https:\/\/www.euses2020.eu\/data-protection\/"},"modified":"2023-09-18T16:35:57","modified_gmt":"2023-09-18T14:35:57","slug":"protection-des-donnees","status":"publish","type":"page","link":"https:\/\/www.euses2020.eu\/fr\/protection-des-donnees\/","title":{"rendered":"Protection des donn\u00e9es"},"content":{"rendered":"<main id=\"content\" class=\"site-main post-168 page type-page status-publish hentry\">\r\n<div class=\"page-content\">\r\n<p><strong>Clause de non-responsabilit\u00e9<\/strong><\/p>\r\n<p>G\u00e9n\u00e9ralit\u00e9s Ces conditions d\u2019utilisation s\u2019appliquent au site\u00a0<a href=\"https:\/\/www.euses2020.eu\/fr\/\">https:\/\/www.euses2020.eu\/fr\/<\/a>. Ce site a \u00e9t\u00e9 cr\u00e9\u00e9 et est g\u00e9r\u00e9 par Dennis Brinkmann, Bel Ombre Rd. P.5057 00000 Beau Vallon, Mahe Seychelles. En utilisant ce site web, vous acceptez de respecter ces conditions d\u2019utilisation.<\/p>\r\n<p>Droits de propri\u00e9t\u00e9 intellectuelle Les textes, dessins, photos, films, images, donn\u00e9es, bases de donn\u00e9es, logiciels, noms, noms commerciaux et de domaine, marques, logos et autres \u00e9l\u00e9ments de ce site sont prot\u00e9g\u00e9s par des droits intellectuels et appartiennent \u00e0\u00a0<a href=\"https:\/\/www.euses2020.eu\/fr\/\">https:\/\/www.euses2020.eu\/fr\/<\/a>. Il est interdit, sans l\u2019accord \u00e9crit pr\u00e9alable de\u00a0<a href=\"https:\/\/www.euses2020.eu\/fr\/\">https:\/\/www.euses2020.eu\/fr\/<\/a>, de stocker (sauf pour la visualisation du site web), de reproduire, de modifier, de publier, de distribuer ou de transmettre les informations propos\u00e9es sur ce site web, de les vendre ou de les transf\u00e9rer \u00e0 des tiers ou de leur accorder des droits.<\/p>\r\n<p>Utilisation non autoris\u00e9e du site web Vous vous engagez notamment \u00e0 :<\/p>\r\n<p>ne pas utiliser les informations de mani\u00e8re ill\u00e9gale ; ne pas utiliser le site web d\u2019une mani\u00e8re qui endommage, d\u00e9forme, interrompt, arr\u00eate ou rend le site web moins efficace ; ne pas utiliser le site web pour transmettre ou publier des virus informatiques ou du mat\u00e9riel ayant un caract\u00e8re diffamatoire, obsc\u00e8ne ou mena\u00e7ant ; ne pas utiliser le site web d\u2019une mani\u00e8re qui constitue une violation des droits d\u2019une personne physique, morale ou association, tels que, entre autres, le droit \u00e0 la vie priv\u00e9e et la propri\u00e9t\u00e9 intellectuelle ; ne pas utiliser le site web pour transmettre ou publier du mat\u00e9riel \u00e0 des fins publicitaires ou promotionnelles sans avoir obtenu l\u2019autorisation pr\u00e9alable de\u00a0<a href=\"https:\/\/www.euses2020.eu\/fr\/\">https:\/\/www.euses2020.eu\/fr\/<\/a>, sauf si cela a \u00e9t\u00e9 demand\u00e9 par le destinataire. Liens vers d\u2019autres sites web Ce site web peut contenir des liens vers des sites web ou des pages web de tiers et d\u2019autres parties, ou y faire r\u00e9f\u00e9rence d\u2019une autre mani\u00e8re.\u00a0<a href=\"https:\/\/www.euses2020.eu\/fr\/\">https:\/\/www.euses2020.eu\/fr\/<\/a>\u00a0n\u2019a aucun contr\u00f4le sur le contenu ou les caract\u00e9ristiques de ces sites web ou pages web, et n\u2019est en aucun cas responsable de leur contenu ou de leurs caract\u00e9ristiques. La cr\u00e9ation de liens par\u00a0<a href=\"https:\/\/www.euses2020.eu\/fr\/\">https:\/\/www.euses2020.eu\/fr\/<\/a>\u00a0n\u2019implique en aucun cas une approbation implicite du contenu de ces sites web ou pages web. Nous faisons de notre mieux pour fournir une pr\u00e9sentation optimale et honn\u00eate des offres sur notre site web, mais nous ne pouvons toutefois pas garantir cette exactitude. Lors de l\u2019achat d\u2019un produit, vous devez vous r\u00e9f\u00e9rer au site web du magasin comme source.<\/p>\r\n<p>Avis via le site Si des conseils sont donn\u00e9s directement ou indirectement via le site pour la prise de d\u00e9cisions m\u00e9dicales, juridiques, financi\u00e8res ou personnelles ou professionnelles, ces conseils sont donn\u00e9s sans aucune garantie et\u00a0<a href=\"https:\/\/www.euses2020.eu\/fr\/\">https:\/\/www.euses2020.eu\/fr\/<\/a>\u00a0ne peut en aucun cas \u00eatre tenu responsable. Vous devez toujours consulter un expert pour des informations suppl\u00e9mentaires sur les conseils adapt\u00e9s \u00e0 votre situation.<\/p>\r\n<p>Loi applicable et tribunaux comp\u00e9tents La loi n\u00e9erlandaise s\u2019applique \u00e0 ce site.<\/p>\r\n<p><strong>Politique de confidentialit\u00e9<\/strong><\/p>\r\n<p>Politique de confidentialit\u00e9 Health &amp; Wellbeing Marketing Ltd.<\/p>\r\n<p>Nous souhaitons vous informer de la mani\u00e8re dont nous traitons les donn\u00e9es que vous laissez apr\u00e8s une visite sur notre site Web ou dans notre magasin. Ci-dessous, vous trouverez des informations sur ce que nous conservons, combien de temps nous le conservons et comment nous le prot\u00e9geons. Health &amp; Wellbeing Marketing Ltd. ne conserve et ne demande que les donn\u00e9es dont nous avons besoin pour vous servir. Nous ne partageons pas ces donn\u00e9es avec des tiers. Si vous achetez un v\u00e9lo, nous avons besoin d\u2019autres donn\u00e9es de votre part que si vous louez un v\u00e9lo. Lisez ci-dessous quand nous conservons quoi de vos donn\u00e9es.<\/p>\r\n<p>Demander vos donn\u00e9es personnelles<\/p>\r\n<p>Vous pouvez toujours demander vos donn\u00e9es chez nous. S\u2019ils ne sont pas corrects, nous les corrigerons. Si vous ne souhaitez plus figurer dans notre administration, vos donn\u00e9es seront supprim\u00e9es. Si vous souhaitez demander vos donn\u00e9es, utilisez ce lien.<\/p>\r\n<p>Cookies<\/p>\r\n<p>Health &amp; Wellbeing Marketing Ltd. n\u2019utilise pas de cookies!<\/p>\r\n<p>Protection de vos donn\u00e9es<\/p>\r\n<p>Les donn\u00e9es que nous conservons sont bien prot\u00e9g\u00e9es et accessibles uniquement par des personnes autoris\u00e9es \u00e0 cet effet. Tant en ligne qu\u2019hors ligne. Health &amp; Wellbeing Marketing Ltd. a d\u00e9sign\u00e9 un DPO qui g\u00e8re et surveille tous les acc\u00e8s.<\/p>\r\n<p>Plaintes?<\/p>\r\n<p>Nous faisons tout notre possible pour traiter vos donn\u00e9es avec soin. Mais si vous avez une plainte, faites-le nous savoir. Nous prendrons imm\u00e9diatement des mesures pour enqu\u00eater et r\u00e9soudre le probl\u00e8me.<\/p>\r\n<p>Dennis Brinkmann<br \/>Bel Ombre Rd. P.5057<br \/>00000 Beau Vallon, Mahe<br \/>Seychellen<\/p>\r\n<\/div>\r\n<\/main>","protected":false},"excerpt":{"rendered":"<p>Clause de non-responsabilit\u00e9 G\u00e9n\u00e9ralit\u00e9s Ces conditions d\u2019utilisation s\u2019appliquent au site\u00a0https:\/\/www.euses2020.eu\/fr\/. Ce site a \u00e9t\u00e9 cr\u00e9\u00e9 et est g\u00e9r\u00e9 par Dennis Brinkmann, Bel Ombre Rd. P.5057 00000 Beau Vallon, Mahe Seychelles. [&hellip;]<\/p>\n","protected":false},"author":2,"featured_media":0,"parent":0,"menu_order":0,"comment_status":"closed","ping_status":"open","template":"","meta":{"footnotes":""},"class_list":["post-1266","page","type-page","status-publish","hentry","rishi-post","no-post-thumbnail"],"rishi__cb_customizer_meta":"","yoast_head":"<!-- This site is optimized with the Yoast SEO plugin v22.6 - https:\/\/yoast.com\/wordpress\/plugins\/seo\/ -->\n<title>Protection des donn\u00e9es &#8226; euses2020.eu<\/title>\n<meta name=\"robots\" content=\"noindex, follow\" \/>\n<meta property=\"og:locale\" content=\"fr_FR\" \/>\n<meta property=\"og:type\" content=\"article\" \/>\n<meta property=\"og:title\" content=\"Protection des donn\u00e9es &#8226; euses2020.eu\" \/>\n<meta property=\"og:description\" content=\"Clause de non-responsabilit\u00e9 G\u00e9n\u00e9ralit\u00e9s Ces conditions d\u2019utilisation s\u2019appliquent au site\u00a0https:\/\/www.euses2020.eu\/fr\/. Ce site a \u00e9t\u00e9 cr\u00e9\u00e9 et est g\u00e9r\u00e9 par Dennis Brinkmann, Bel Ombre Rd. P.5057 00000 Beau Vallon, Mahe Seychelles. [&hellip;]\" \/>\n<meta property=\"og:url\" content=\"https:\/\/www.euses2020.eu\/fr\/protection-des-donnees\/\" \/>\n<meta property=\"og:site_name\" content=\"euses2020.eu\" \/>\n<meta property=\"article:modified_time\" content=\"2023-09-18T14:35:57+00:00\" \/>\n<meta name=\"twitter:card\" content=\"summary_large_image\" \/>\n<meta name=\"twitter:label1\" content=\"Dur\u00e9e de lecture estim\u00e9e\" \/>\n\t<meta name=\"twitter:data1\" content=\"4 minutes\" \/>\n<script type=\"application\/ld+json\" class=\"yoast-schema-graph\">{\"@context\":\"https:\/\/schema.org\",\"@graph\":[{\"@type\":\"WebPage\",\"@id\":\"https:\/\/www.euses2020.eu\/fr\/protection-des-donnees\/\",\"url\":\"https:\/\/www.euses2020.eu\/fr\/protection-des-donnees\/\",\"name\":\"Protection des donn\u00e9es &#8226; euses2020.eu\",\"isPartOf\":{\"@id\":\"https:\/\/www.euses2020.eu\/#website\"},\"datePublished\":\"2022-09-28T09:38:39+00:00\",\"dateModified\":\"2023-09-18T14:35:57+00:00\",\"breadcrumb\":{\"@id\":\"https:\/\/www.euses2020.eu\/fr\/protection-des-donnees\/#breadcrumb\"},\"inLanguage\":\"fr-FR\",\"potentialAction\":[{\"@type\":\"ReadAction\",\"target\":[\"https:\/\/www.euses2020.eu\/fr\/protection-des-donnees\/\"]}]},{\"@type\":\"BreadcrumbList\",\"@id\":\"https:\/\/www.euses2020.eu\/fr\/protection-des-donnees\/#breadcrumb\",\"itemListElement\":[{\"@type\":\"ListItem\",\"position\":1,\"name\":\"Startseite\",\"item\":\"https:\/\/www.euses2020.eu\/fr\/\"},{\"@type\":\"ListItem\",\"position\":2,\"name\":\"Protection des donn\u00e9es\"}]},{\"@type\":\"WebSite\",\"@id\":\"https:\/\/www.euses2020.eu\/#website\",\"url\":\"https:\/\/www.euses2020.eu\/\",\"name\":\"euses2020.eu\",\"description\":\"\",\"publisher\":{\"@id\":\"https:\/\/www.euses2020.eu\/#organization\"},\"potentialAction\":[{\"@type\":\"SearchAction\",\"target\":{\"@type\":\"EntryPoint\",\"urlTemplate\":\"https:\/\/www.euses2020.eu\/?s={search_term_string}\"},\"query-input\":\"required name=search_term_string\"}],\"inLanguage\":\"fr-FR\"},{\"@type\":\"Organization\",\"@id\":\"https:\/\/www.euses2020.eu\/#organization\",\"name\":\"EUSES2020\",\"alternateName\":\"EUSES2020\",\"url\":\"https:\/\/www.euses2020.eu\/\",\"logo\":{\"@type\":\"ImageObject\",\"inLanguage\":\"fr-FR\",\"@id\":\"https:\/\/www.euses2020.eu\/#\/schema\/logo\/image\/\",\"url\":\"https:\/\/www.euses2020.eu\/wp-content\/uploads\/euses-logo.png\",\"contentUrl\":\"https:\/\/www.euses2020.eu\/wp-content\/uploads\/euses-logo.png\",\"width\":745,\"height\":166,\"caption\":\"EUSES2020\"},\"image\":{\"@id\":\"https:\/\/www.euses2020.eu\/#\/schema\/logo\/image\/\"}}]}<\/script>\n<!-- \/ Yoast SEO plugin. -->","yoast_head_json":{"title":"Protection des donn\u00e9es &#8226; euses2020.eu","robots":{"index":"noindex","follow":"follow"},"og_locale":"fr_FR","og_type":"article","og_title":"Protection des donn\u00e9es &#8226; euses2020.eu","og_description":"Clause de non-responsabilit\u00e9 G\u00e9n\u00e9ralit\u00e9s Ces conditions d\u2019utilisation s\u2019appliquent au site\u00a0https:\/\/www.euses2020.eu\/fr\/. Ce site a \u00e9t\u00e9 cr\u00e9\u00e9 et est g\u00e9r\u00e9 par Dennis Brinkmann, Bel Ombre Rd. P.5057 00000 Beau Vallon, Mahe Seychelles. [&hellip;]","og_url":"https:\/\/www.euses2020.eu\/fr\/protection-des-donnees\/","og_site_name":"euses2020.eu","article_modified_time":"2023-09-18T14:35:57+00:00","twitter_card":"summary_large_image","twitter_misc":{"Dur\u00e9e de lecture estim\u00e9e":"4 minutes"},"schema":{"@context":"https:\/\/schema.org","@graph":[{"@type":"WebPage","@id":"https:\/\/www.euses2020.eu\/fr\/protection-des-donnees\/","url":"https:\/\/www.euses2020.eu\/fr\/protection-des-donnees\/","name":"Protection des donn\u00e9es &#8226; euses2020.eu","isPartOf":{"@id":"https:\/\/www.euses2020.eu\/#website"},"datePublished":"2022-09-28T09:38:39+00:00","dateModified":"2023-09-18T14:35:57+00:00","breadcrumb":{"@id":"https:\/\/www.euses2020.eu\/fr\/protection-des-donnees\/#breadcrumb"},"inLanguage":"fr-FR","potentialAction":[{"@type":"ReadAction","target":["https:\/\/www.euses2020.eu\/fr\/protection-des-donnees\/"]}]},{"@type":"BreadcrumbList","@id":"https:\/\/www.euses2020.eu\/fr\/protection-des-donnees\/#breadcrumb","itemListElement":[{"@type":"ListItem","position":1,"name":"Startseite","item":"https:\/\/www.euses2020.eu\/fr\/"},{"@type":"ListItem","position":2,"name":"Protection des donn\u00e9es"}]},{"@type":"WebSite","@id":"https:\/\/www.euses2020.eu\/#website","url":"https:\/\/www.euses2020.eu\/","name":"euses2020.eu","description":"","publisher":{"@id":"https:\/\/www.euses2020.eu\/#organization"},"potentialAction":[{"@type":"SearchAction","target":{"@type":"EntryPoint","urlTemplate":"https:\/\/www.euses2020.eu\/?s={search_term_string}"},"query-input":"required name=search_term_string"}],"inLanguage":"fr-FR"},{"@type":"Organization","@id":"https:\/\/www.euses2020.eu\/#organization","name":"EUSES2020","alternateName":"EUSES2020","url":"https:\/\/www.euses2020.eu\/","logo":{"@type":"ImageObject","inLanguage":"fr-FR","@id":"https:\/\/www.euses2020.eu\/#\/schema\/logo\/image\/","url":"https:\/\/www.euses2020.eu\/wp-content\/uploads\/euses-logo.png","contentUrl":"https:\/\/www.euses2020.eu\/wp-content\/uploads\/euses-logo.png","width":745,"height":166,"caption":"EUSES2020"},"image":{"@id":"https:\/\/www.euses2020.eu\/#\/schema\/logo\/image\/"}}]}},"_links":{"self":[{"href":"https:\/\/www.euses2020.eu\/fr\/wp-json\/wp\/v2\/pages\/1266","targetHints":{"allow":["GET"]}}],"collection":[{"href":"https:\/\/www.euses2020.eu\/fr\/wp-json\/wp\/v2\/pages"}],"about":[{"href":"https:\/\/www.euses2020.eu\/fr\/wp-json\/wp\/v2\/types\/page"}],"author":[{"embeddable":true,"href":"https:\/\/www.euses2020.eu\/fr\/wp-json\/wp\/v2\/users\/2"}],"replies":[{"embeddable":true,"href":"https:\/\/www.euses2020.eu\/fr\/wp-json\/wp\/v2\/comments?post=1266"}],"version-history":[{"count":0,"href":"https:\/\/www.euses2020.eu\/fr\/wp-json\/wp\/v2\/pages\/1266\/revisions"}],"wp:attachment":[{"href":"https:\/\/www.euses2020.eu\/fr\/wp-json\/wp\/v2\/media?parent=1266"}],"curies":[{"name":"wp","href":"https:\/\/api.w.org\/{rel}","templated":true}]}}