{"id":1267,"date":"2023-01-17T12:04:27","date_gmt":"2023-01-17T11:04:27","guid":{"rendered":"https:\/\/www.euses2020.eu\/fahrradhelm-macht-schule-fuer-mehr-sicherheit-auf-unseren-strassen\/"},"modified":"2023-09-18T16:37:10","modified_gmt":"2023-09-18T14:37:10","slug":"fahrradhelm-macht-schule-fuer-mehr-sicherheit-auf-unseren-strassen","status":"publish","type":"page","link":"https:\/\/www.euses2020.eu\/fr\/","title":{"rendered":"EUSES 2021 (Sommet europ\u00e9en de l&rsquo;\u00e9conomie sociale) : L&rsquo;\u00e9v\u00e9nement phare \u00e0 Mannheim"},"content":{"rendered":"<p>EUSES, l&rsquo;\u00e9v\u00e9nement phare de Mannheim pour 2021, a une fois de plus attir\u00e9 des experts de l&rsquo;industrie et des prospects. Avec une vari\u00e9t\u00e9 de pr\u00e9sentations, d&rsquo;ateliers et d&rsquo;opportunit\u00e9s de r\u00e9seautage, l&rsquo;\u00e9v\u00e9nement a fourni une excellente plateforme pour l&rsquo;\u00e9change de connaissances et d&rsquo;id\u00e9es.<\/p>\n<p>Les orateurs principaux et les leaders de l&rsquo;industrie ont pr\u00e9sent\u00e9 des strat\u00e9gies innovantes et les meilleures pratiques, donnant aux participants un aper\u00e7u des derni\u00e8res tendances et technologies. EUSES \u00e0 Mannheim n&rsquo;\u00e9tait pas seulement un lieu pour les r\u00e9unions d&rsquo;affaires, mais aussi une occasion de d\u00e9couvrir les derniers d\u00e9veloppements dans l&rsquo;industrie.<\/p>\n<p>Les participants ont eu l&rsquo;occasion d&rsquo;\u00e9largir leurs r\u00e9seaux en interagissant avec leurs pairs et en s&rsquo;informant aupr\u00e8s des meilleurs de l&rsquo;industrie. Avec une telle offre, il n&rsquo;est pas \u00e9tonnant qu&rsquo;EUSES 2021 \u00e0 Mannheim soit consid\u00e9r\u00e9 comme l&rsquo;un des \u00e9v\u00e9nements les plus importants de l&rsquo;ann\u00e9e.<\/p>\n<ul>\n<li>3000+ participants<\/li>\n<li>600+ orateurs<\/li>\n<li>80+ sessions<\/li>\n<\/ul>\n<p><strong>Derniers articles<\/strong><\/p>\n\n\n<ul class=\"su-posts su-posts-list-loop \">\n\n\t\n\t\t<li>Posts not found<\/li>\n\n\t\n<\/ul>\n\n","protected":false},"excerpt":{"rendered":"<p>EUSES, l&rsquo;\u00e9v\u00e9nement phare de Mannheim pour 2021, a une fois de plus attir\u00e9 des experts de l&rsquo;industrie et des prospects. Avec une vari\u00e9t\u00e9 de pr\u00e9sentations, d&rsquo;ateliers et d&rsquo;opportunit\u00e9s de r\u00e9seautage, [&hellip;]<\/p>\n","protected":false},"author":2,"featured_media":1303,"parent":0,"menu_order":0,"comment_status":"closed","ping_status":"closed","template":"","meta":{"footnotes":""},"class_list":["post-1267","page","type-page","status-publish","has-post-thumbnail","hentry","rishi-post"],"rishi__cb_customizer_meta":"","yoast_head":"<!-- This site is optimized with the Yoast SEO plugin v22.6 - https:\/\/yoast.com\/wordpress\/plugins\/seo\/ -->\n<title>EUSES 2021 (Sommet europ\u00e9en de l&#039;\u00e9conomie sociale) : L&#039;\u00e9v\u00e9nement phare \u00e0 Mannheim &#8226; euses2020.eu<\/title>\n<meta name=\"robots\" content=\"index, follow, max-snippet:-1, max-image-preview:large, max-video-preview:-1\" \/>\n<link rel=\"canonical\" href=\"https:\/\/www.euses2020.eu\/fr\/\" \/>\n<meta property=\"og:locale\" content=\"fr_FR\" \/>\n<meta property=\"og:type\" content=\"article\" \/>\n<meta property=\"og:title\" content=\"EUSES 2021 (Sommet europ\u00e9en de l&#039;\u00e9conomie sociale) : L&#039;\u00e9v\u00e9nement phare \u00e0 Mannheim &#8226; euses2020.eu\" \/>\n<meta property=\"og:description\" content=\"EUSES, l&rsquo;\u00e9v\u00e9nement phare de Mannheim pour 2021, a une fois de plus attir\u00e9 des experts de l&rsquo;industrie et des prospects. Avec une vari\u00e9t\u00e9 de pr\u00e9sentations, d&rsquo;ateliers et d&rsquo;opportunit\u00e9s de r\u00e9seautage, [&hellip;]\" \/>\n<meta property=\"og:url\" content=\"https:\/\/www.euses2020.eu\/fr\/\" \/>\n<meta property=\"og:site_name\" content=\"euses2020.eu\" \/>\n<meta property=\"article:modified_time\" content=\"2023-09-18T14:37:10+00:00\" \/>\n<meta name=\"twitter:card\" content=\"summary_large_image\" \/>\n<meta name=\"twitter:label1\" content=\"Dur\u00e9e de lecture estim\u00e9e\" \/>\n\t<meta name=\"twitter:data1\" content=\"1 minute\" \/>\n<script type=\"application\/ld+json\" class=\"yoast-schema-graph\">{\"@context\":\"https:\/\/schema.org\",\"@graph\":[{\"@type\":\"WebPage\",\"@id\":\"https:\/\/www.euses2020.eu\/fr\/\",\"url\":\"https:\/\/www.euses2020.eu\/fr\/\",\"name\":\"EUSES 2021 (Sommet europ\u00e9en de l'\u00e9conomie sociale) : L'\u00e9v\u00e9nement phare \u00e0 Mannheim &#8226; euses2020.eu\",\"isPartOf\":{\"@id\":\"https:\/\/www.euses2020.eu\/#website\"},\"primaryImageOfPage\":{\"@id\":\"https:\/\/www.euses2020.eu\/fr\/#primaryimage\"},\"image\":{\"@id\":\"https:\/\/www.euses2020.eu\/fr\/#primaryimage\"},\"thumbnailUrl\":\"https:\/\/www.euses2020.eu\/wp-content\/uploads\/social.jpg\",\"datePublished\":\"2023-01-17T11:04:27+00:00\",\"dateModified\":\"2023-09-18T14:37:10+00:00\",\"breadcrumb\":{\"@id\":\"https:\/\/www.euses2020.eu\/fr\/#breadcrumb\"},\"inLanguage\":\"fr-FR\",\"potentialAction\":[{\"@type\":\"ReadAction\",\"target\":[\"https:\/\/www.euses2020.eu\/fr\/\"]}]},{\"@type\":\"ImageObject\",\"inLanguage\":\"fr-FR\",\"@id\":\"https:\/\/www.euses2020.eu\/fr\/#primaryimage\",\"url\":\"https:\/\/www.euses2020.eu\/wp-content\/uploads\/social.jpg\",\"contentUrl\":\"https:\/\/www.euses2020.eu\/wp-content\/uploads\/social.jpg\",\"width\":1440,\"height\":810},{\"@type\":\"BreadcrumbList\",\"@id\":\"https:\/\/www.euses2020.eu\/fr\/#breadcrumb\",\"itemListElement\":[{\"@type\":\"ListItem\",\"position\":1,\"name\":\"Startseite\",\"item\":\"https:\/\/www.euses2020.eu\/fr\/\"},{\"@type\":\"ListItem\",\"position\":2,\"name\":\"EUSES 2021 (Sommet europ\u00e9en de l&#8217;\u00e9conomie sociale) : L&#8217;\u00e9v\u00e9nement phare \u00e0 Mannheim\"}]},{\"@type\":\"WebSite\",\"@id\":\"https:\/\/www.euses2020.eu\/#website\",\"url\":\"https:\/\/www.euses2020.eu\/\",\"name\":\"euses2020.eu\",\"description\":\"\",\"publisher\":{\"@id\":\"https:\/\/www.euses2020.eu\/#organization\"},\"potentialAction\":[{\"@type\":\"SearchAction\",\"target\":{\"@type\":\"EntryPoint\",\"urlTemplate\":\"https:\/\/www.euses2020.eu\/?s={search_term_string}\"},\"query-input\":\"required name=search_term_string\"}],\"inLanguage\":\"fr-FR\"},{\"@type\":\"Organization\",\"@id\":\"https:\/\/www.euses2020.eu\/#organization\",\"name\":\"EUSES2020\",\"alternateName\":\"EUSES2020\",\"url\":\"https:\/\/www.euses2020.eu\/\",\"logo\":{\"@type\":\"ImageObject\",\"inLanguage\":\"fr-FR\",\"@id\":\"https:\/\/www.euses2020.eu\/#\/schema\/logo\/image\/\",\"url\":\"https:\/\/www.euses2020.eu\/wp-content\/uploads\/euses-logo.png\",\"contentUrl\":\"https:\/\/www.euses2020.eu\/wp-content\/uploads\/euses-logo.png\",\"width\":745,\"height\":166,\"caption\":\"EUSES2020\"},\"image\":{\"@id\":\"https:\/\/www.euses2020.eu\/#\/schema\/logo\/image\/\"}}]}<\/script>\n<!-- \/ Yoast SEO plugin. -->","yoast_head_json":{"title":"EUSES 2021 (Sommet europ\u00e9en de l'\u00e9conomie sociale) : L'\u00e9v\u00e9nement phare \u00e0 Mannheim &#8226; euses2020.eu","robots":{"index":"index","follow":"follow","max-snippet":"max-snippet:-1","max-image-preview":"max-image-preview:large","max-video-preview":"max-video-preview:-1"},"canonical":"https:\/\/www.euses2020.eu\/fr\/","og_locale":"fr_FR","og_type":"article","og_title":"EUSES 2021 (Sommet europ\u00e9en de l'\u00e9conomie sociale) : L'\u00e9v\u00e9nement phare \u00e0 Mannheim &#8226; euses2020.eu","og_description":"EUSES, l&rsquo;\u00e9v\u00e9nement phare de Mannheim pour 2021, a une fois de plus attir\u00e9 des experts de l&rsquo;industrie et des prospects. Avec une vari\u00e9t\u00e9 de pr\u00e9sentations, d&rsquo;ateliers et d&rsquo;opportunit\u00e9s de r\u00e9seautage, [&hellip;]","og_url":"https:\/\/www.euses2020.eu\/fr\/","og_site_name":"euses2020.eu","article_modified_time":"2023-09-18T14:37:10+00:00","twitter_card":"summary_large_image","twitter_misc":{"Dur\u00e9e de lecture estim\u00e9e":"1 minute"},"schema":{"@context":"https:\/\/schema.org","@graph":[{"@type":"WebPage","@id":"https:\/\/www.euses2020.eu\/fr\/","url":"https:\/\/www.euses2020.eu\/fr\/","name":"EUSES 2021 (Sommet europ\u00e9en de l'\u00e9conomie sociale) : L'\u00e9v\u00e9nement phare \u00e0 Mannheim &#8226; euses2020.eu","isPartOf":{"@id":"https:\/\/www.euses2020.eu\/#website"},"primaryImageOfPage":{"@id":"https:\/\/www.euses2020.eu\/fr\/#primaryimage"},"image":{"@id":"https:\/\/www.euses2020.eu\/fr\/#primaryimage"},"thumbnailUrl":"https:\/\/www.euses2020.eu\/wp-content\/uploads\/social.jpg","datePublished":"2023-01-17T11:04:27+00:00","dateModified":"2023-09-18T14:37:10+00:00","breadcrumb":{"@id":"https:\/\/www.euses2020.eu\/fr\/#breadcrumb"},"inLanguage":"fr-FR","potentialAction":[{"@type":"ReadAction","target":["https:\/\/www.euses2020.eu\/fr\/"]}]},{"@type":"ImageObject","inLanguage":"fr-FR","@id":"https:\/\/www.euses2020.eu\/fr\/#primaryimage","url":"https:\/\/www.euses2020.eu\/wp-content\/uploads\/social.jpg","contentUrl":"https:\/\/www.euses2020.eu\/wp-content\/uploads\/social.jpg","width":1440,"height":810},{"@type":"BreadcrumbList","@id":"https:\/\/www.euses2020.eu\/fr\/#breadcrumb","itemListElement":[{"@type":"ListItem","position":1,"name":"Startseite","item":"https:\/\/www.euses2020.eu\/fr\/"},{"@type":"ListItem","position":2,"name":"EUSES 2021 (Sommet europ\u00e9en de l&#8217;\u00e9conomie sociale) : L&#8217;\u00e9v\u00e9nement phare \u00e0 Mannheim"}]},{"@type":"WebSite","@id":"https:\/\/www.euses2020.eu\/#website","url":"https:\/\/www.euses2020.eu\/","name":"euses2020.eu","description":"","publisher":{"@id":"https:\/\/www.euses2020.eu\/#organization"},"potentialAction":[{"@type":"SearchAction","target":{"@type":"EntryPoint","urlTemplate":"https:\/\/www.euses2020.eu\/?s={search_term_string}"},"query-input":"required name=search_term_string"}],"inLanguage":"fr-FR"},{"@type":"Organization","@id":"https:\/\/www.euses2020.eu\/#organization","name":"EUSES2020","alternateName":"EUSES2020","url":"https:\/\/www.euses2020.eu\/","logo":{"@type":"ImageObject","inLanguage":"fr-FR","@id":"https:\/\/www.euses2020.eu\/#\/schema\/logo\/image\/","url":"https:\/\/www.euses2020.eu\/wp-content\/uploads\/euses-logo.png","contentUrl":"https:\/\/www.euses2020.eu\/wp-content\/uploads\/euses-logo.png","width":745,"height":166,"caption":"EUSES2020"},"image":{"@id":"https:\/\/www.euses2020.eu\/#\/schema\/logo\/image\/"}}]}},"_links":{"self":[{"href":"https:\/\/www.euses2020.eu\/fr\/wp-json\/wp\/v2\/pages\/1267","targetHints":{"allow":["GET"]}}],"collection":[{"href":"https:\/\/www.euses2020.eu\/fr\/wp-json\/wp\/v2\/pages"}],"about":[{"href":"https:\/\/www.euses2020.eu\/fr\/wp-json\/wp\/v2\/types\/page"}],"author":[{"embeddable":true,"href":"https:\/\/www.euses2020.eu\/fr\/wp-json\/wp\/v2\/users\/2"}],"replies":[{"embeddable":true,"href":"https:\/\/www.euses2020.eu\/fr\/wp-json\/wp\/v2\/comments?post=1267"}],"version-history":[{"count":0,"href":"https:\/\/www.euses2020.eu\/fr\/wp-json\/wp\/v2\/pages\/1267\/revisions"}],"wp:featuredmedia":[{"embeddable":true,"href":"https:\/\/www.euses2020.eu\/fr\/wp-json\/wp\/v2\/media\/1303"}],"wp:attachment":[{"href":"https:\/\/www.euses2020.eu\/fr\/wp-json\/wp\/v2\/media?parent=1267"}],"curies":[{"name":"wp","href":"https:\/\/api.w.org\/{rel}","templated":true}]}}