{"id":1245,"date":"2023-01-17T12:04:27","date_gmt":"2023-01-17T11:04:27","guid":{"rendered":"https:\/\/www.euses2020.eu\/fahrradhelm-macht-schule-fuer-mehr-sicherheit-auf-unseren-strassen\/"},"modified":"2023-09-18T16:38:21","modified_gmt":"2023-09-18T14:38:21","slug":"fahrradhelm-macht-schule-fuer-mehr-sicherheit-auf-unseren-strassen","status":"publish","type":"page","link":"https:\/\/www.euses2020.eu\/it\/","title":{"rendered":"EUSES 2021 (European Social Economy Summit): L&#8217;evento di punta a Mannheim"},"content":{"rendered":"<p>EUSES, l&#8217;evento di punta di Mannheim per il 2021, ha attirato ancora una volta esperti del settore e potenziali clienti. Con una variet\u00e0 di presentazioni, workshop e opportunit\u00e0 di networking, l&#8217;evento ha fornito una piattaforma eccellente per lo scambio di conoscenze e idee.<\/p>\n<p>Relatori di spicco e leader del settore hanno presentato strategie innovative e best practice, fornendo ai partecipanti approfondimenti sulle ultime tendenze e tecnologie. L&#8217;EUSES di Mannheim non \u00e8 stato solo un luogo per incontri d&#8217;affari, ma anche un&#8217;occasione per scoprire gli ultimi sviluppi del settore.<\/p>\n<p>I partecipanti hanno avuto l&#8217;opportunit\u00e0 di ampliare le proprie reti di contatti interagendo con i colleghi e imparando dai migliori del settore. Con cos\u00ec tanto da offrire, non c&#8217;\u00e8 da stupirsi che EUSES 2021 a Mannheim sia considerato uno degli eventi pi\u00f9 importanti dell&#8217;anno.<\/p>\n<ul>\n<li>3000+ partecipanti<\/li>\n<li>600+ relatori<\/li>\n<li>80+ sessioni<\/li>\n<\/ul>\n<p><strong>Articoli pi\u00f9 recenti<\/strong><\/p>\n\n\n<ul class=\"su-posts su-posts-list-loop \">\n\n\t\n\t\t<li>Posts not found<\/li>\n\n\t\n<\/ul>\n\n","protected":false},"excerpt":{"rendered":"<p>EUSES, l&#8217;evento di punta di Mannheim per il 2021, ha attirato ancora una volta esperti del settore e potenziali clienti. Con una variet\u00e0 di presentazioni, workshop e opportunit\u00e0 di networking, [&hellip;]<\/p>\n","protected":false},"author":2,"featured_media":1305,"parent":0,"menu_order":0,"comment_status":"closed","ping_status":"closed","template":"","meta":{"footnotes":""},"class_list":["post-1245","page","type-page","status-publish","has-post-thumbnail","hentry","rishi-post"],"rishi__cb_customizer_meta":"","yoast_head":"<!-- This site is optimized with the Yoast SEO plugin v22.6 - https:\/\/yoast.com\/wordpress\/plugins\/seo\/ -->\n<title>EUSES 2021 (European Social Economy Summit): L&#039;evento di punta a Mannheim &#8226; euses2020.eu<\/title>\n<meta name=\"robots\" content=\"index, follow, max-snippet:-1, max-image-preview:large, max-video-preview:-1\" \/>\n<link rel=\"canonical\" href=\"https:\/\/www.euses2020.eu\/it\/\" \/>\n<meta property=\"og:locale\" content=\"it_IT\" \/>\n<meta property=\"og:type\" content=\"article\" \/>\n<meta property=\"og:title\" content=\"EUSES 2021 (European Social Economy Summit): L&#039;evento di punta a Mannheim &#8226; euses2020.eu\" \/>\n<meta property=\"og:description\" content=\"EUSES, l&#8217;evento di punta di Mannheim per il 2021, ha attirato ancora una volta esperti del settore e potenziali clienti. Con una variet\u00e0 di presentazioni, workshop e opportunit\u00e0 di networking, [&hellip;]\" \/>\n<meta property=\"og:url\" content=\"https:\/\/www.euses2020.eu\/it\/\" \/>\n<meta property=\"og:site_name\" content=\"euses2020.eu\" \/>\n<meta property=\"article:modified_time\" content=\"2023-09-18T14:38:21+00:00\" \/>\n<meta name=\"twitter:card\" content=\"summary_large_image\" \/>\n<meta name=\"twitter:label1\" content=\"Tempo di lettura stimato\" \/>\n\t<meta name=\"twitter:data1\" content=\"1 minuto\" \/>\n<script type=\"application\/ld+json\" class=\"yoast-schema-graph\">{\"@context\":\"https:\/\/schema.org\",\"@graph\":[{\"@type\":\"WebPage\",\"@id\":\"https:\/\/www.euses2020.eu\/it\/\",\"url\":\"https:\/\/www.euses2020.eu\/it\/\",\"name\":\"EUSES 2021 (European Social Economy Summit): L'evento di punta a Mannheim &#8226; euses2020.eu\",\"isPartOf\":{\"@id\":\"https:\/\/www.euses2020.eu\/#website\"},\"primaryImageOfPage\":{\"@id\":\"https:\/\/www.euses2020.eu\/it\/#primaryimage\"},\"image\":{\"@id\":\"https:\/\/www.euses2020.eu\/it\/#primaryimage\"},\"thumbnailUrl\":\"https:\/\/www.euses2020.eu\/wp-content\/uploads\/social.jpg\",\"datePublished\":\"2023-01-17T11:04:27+00:00\",\"dateModified\":\"2023-09-18T14:38:21+00:00\",\"breadcrumb\":{\"@id\":\"https:\/\/www.euses2020.eu\/it\/#breadcrumb\"},\"inLanguage\":\"it-IT\",\"potentialAction\":[{\"@type\":\"ReadAction\",\"target\":[\"https:\/\/www.euses2020.eu\/it\/\"]}]},{\"@type\":\"ImageObject\",\"inLanguage\":\"it-IT\",\"@id\":\"https:\/\/www.euses2020.eu\/it\/#primaryimage\",\"url\":\"https:\/\/www.euses2020.eu\/wp-content\/uploads\/social.jpg\",\"contentUrl\":\"https:\/\/www.euses2020.eu\/wp-content\/uploads\/social.jpg\",\"width\":1440,\"height\":810},{\"@type\":\"BreadcrumbList\",\"@id\":\"https:\/\/www.euses2020.eu\/it\/#breadcrumb\",\"itemListElement\":[{\"@type\":\"ListItem\",\"position\":1,\"name\":\"Startseite\",\"item\":\"https:\/\/www.euses2020.eu\/it\/\"},{\"@type\":\"ListItem\",\"position\":2,\"name\":\"EUSES 2021 (European Social Economy Summit): L&#8217;evento di punta a Mannheim\"}]},{\"@type\":\"WebSite\",\"@id\":\"https:\/\/www.euses2020.eu\/#website\",\"url\":\"https:\/\/www.euses2020.eu\/\",\"name\":\"euses2020.eu\",\"description\":\"\",\"publisher\":{\"@id\":\"https:\/\/www.euses2020.eu\/#organization\"},\"potentialAction\":[{\"@type\":\"SearchAction\",\"target\":{\"@type\":\"EntryPoint\",\"urlTemplate\":\"https:\/\/www.euses2020.eu\/?s={search_term_string}\"},\"query-input\":\"required name=search_term_string\"}],\"inLanguage\":\"it-IT\"},{\"@type\":\"Organization\",\"@id\":\"https:\/\/www.euses2020.eu\/#organization\",\"name\":\"EUSES2020\",\"alternateName\":\"EUSES2020\",\"url\":\"https:\/\/www.euses2020.eu\/\",\"logo\":{\"@type\":\"ImageObject\",\"inLanguage\":\"it-IT\",\"@id\":\"https:\/\/www.euses2020.eu\/#\/schema\/logo\/image\/\",\"url\":\"https:\/\/www.euses2020.eu\/wp-content\/uploads\/euses-logo.png\",\"contentUrl\":\"https:\/\/www.euses2020.eu\/wp-content\/uploads\/euses-logo.png\",\"width\":745,\"height\":166,\"caption\":\"EUSES2020\"},\"image\":{\"@id\":\"https:\/\/www.euses2020.eu\/#\/schema\/logo\/image\/\"}}]}<\/script>\n<!-- \/ Yoast SEO plugin. -->","yoast_head_json":{"title":"EUSES 2021 (European Social Economy Summit): L'evento di punta a Mannheim &#8226; euses2020.eu","robots":{"index":"index","follow":"follow","max-snippet":"max-snippet:-1","max-image-preview":"max-image-preview:large","max-video-preview":"max-video-preview:-1"},"canonical":"https:\/\/www.euses2020.eu\/it\/","og_locale":"it_IT","og_type":"article","og_title":"EUSES 2021 (European Social Economy Summit): L'evento di punta a Mannheim &#8226; euses2020.eu","og_description":"EUSES, l&#8217;evento di punta di Mannheim per il 2021, ha attirato ancora una volta esperti del settore e potenziali clienti. Con una variet\u00e0 di presentazioni, workshop e opportunit\u00e0 di networking, [&hellip;]","og_url":"https:\/\/www.euses2020.eu\/it\/","og_site_name":"euses2020.eu","article_modified_time":"2023-09-18T14:38:21+00:00","twitter_card":"summary_large_image","twitter_misc":{"Tempo di lettura stimato":"1 minuto"},"schema":{"@context":"https:\/\/schema.org","@graph":[{"@type":"WebPage","@id":"https:\/\/www.euses2020.eu\/it\/","url":"https:\/\/www.euses2020.eu\/it\/","name":"EUSES 2021 (European Social Economy Summit): L'evento di punta a Mannheim &#8226; euses2020.eu","isPartOf":{"@id":"https:\/\/www.euses2020.eu\/#website"},"primaryImageOfPage":{"@id":"https:\/\/www.euses2020.eu\/it\/#primaryimage"},"image":{"@id":"https:\/\/www.euses2020.eu\/it\/#primaryimage"},"thumbnailUrl":"https:\/\/www.euses2020.eu\/wp-content\/uploads\/social.jpg","datePublished":"2023-01-17T11:04:27+00:00","dateModified":"2023-09-18T14:38:21+00:00","breadcrumb":{"@id":"https:\/\/www.euses2020.eu\/it\/#breadcrumb"},"inLanguage":"it-IT","potentialAction":[{"@type":"ReadAction","target":["https:\/\/www.euses2020.eu\/it\/"]}]},{"@type":"ImageObject","inLanguage":"it-IT","@id":"https:\/\/www.euses2020.eu\/it\/#primaryimage","url":"https:\/\/www.euses2020.eu\/wp-content\/uploads\/social.jpg","contentUrl":"https:\/\/www.euses2020.eu\/wp-content\/uploads\/social.jpg","width":1440,"height":810},{"@type":"BreadcrumbList","@id":"https:\/\/www.euses2020.eu\/it\/#breadcrumb","itemListElement":[{"@type":"ListItem","position":1,"name":"Startseite","item":"https:\/\/www.euses2020.eu\/it\/"},{"@type":"ListItem","position":2,"name":"EUSES 2021 (European Social Economy Summit): L&#8217;evento di punta a Mannheim"}]},{"@type":"WebSite","@id":"https:\/\/www.euses2020.eu\/#website","url":"https:\/\/www.euses2020.eu\/","name":"euses2020.eu","description":"","publisher":{"@id":"https:\/\/www.euses2020.eu\/#organization"},"potentialAction":[{"@type":"SearchAction","target":{"@type":"EntryPoint","urlTemplate":"https:\/\/www.euses2020.eu\/?s={search_term_string}"},"query-input":"required name=search_term_string"}],"inLanguage":"it-IT"},{"@type":"Organization","@id":"https:\/\/www.euses2020.eu\/#organization","name":"EUSES2020","alternateName":"EUSES2020","url":"https:\/\/www.euses2020.eu\/","logo":{"@type":"ImageObject","inLanguage":"it-IT","@id":"https:\/\/www.euses2020.eu\/#\/schema\/logo\/image\/","url":"https:\/\/www.euses2020.eu\/wp-content\/uploads\/euses-logo.png","contentUrl":"https:\/\/www.euses2020.eu\/wp-content\/uploads\/euses-logo.png","width":745,"height":166,"caption":"EUSES2020"},"image":{"@id":"https:\/\/www.euses2020.eu\/#\/schema\/logo\/image\/"}}]}},"_links":{"self":[{"href":"https:\/\/www.euses2020.eu\/it\/wp-json\/wp\/v2\/pages\/1245","targetHints":{"allow":["GET"]}}],"collection":[{"href":"https:\/\/www.euses2020.eu\/it\/wp-json\/wp\/v2\/pages"}],"about":[{"href":"https:\/\/www.euses2020.eu\/it\/wp-json\/wp\/v2\/types\/page"}],"author":[{"embeddable":true,"href":"https:\/\/www.euses2020.eu\/it\/wp-json\/wp\/v2\/users\/2"}],"replies":[{"embeddable":true,"href":"https:\/\/www.euses2020.eu\/it\/wp-json\/wp\/v2\/comments?post=1245"}],"version-history":[{"count":0,"href":"https:\/\/www.euses2020.eu\/it\/wp-json\/wp\/v2\/pages\/1245\/revisions"}],"wp:featuredmedia":[{"embeddable":true,"href":"https:\/\/www.euses2020.eu\/it\/wp-json\/wp\/v2\/media\/1305"}],"wp:attachment":[{"href":"https:\/\/www.euses2020.eu\/it\/wp-json\/wp\/v2\/media?parent=1245"}],"curies":[{"name":"wp","href":"https:\/\/api.w.org\/{rel}","templated":true}]}}